{"id":7,"date":"2017-09-01T15:54:46","date_gmt":"2017-09-01T15:54:46","guid":{"rendered":"http:\/\/fxsanmarti.com\/2018\/cajas_carton\/?page_id=7"},"modified":"2017-09-06T18:49:52","modified_gmt":"2017-09-06T18:49:52","slug":"inicio","status":"publish","type":"page","link":"https:\/\/fxsanmarti.com\/cajas_carton\/inicio\/","title":{"rendered":"FX Sanmart\u00ed &#8211; Fabricantes de cajas de cart\u00f3n desde 1925"},"content":{"rendered":"<p><img loading=\"lazy\" decoding=\"async\" class=\"size-full wp-image-255 alignright\" src=\"https:\/\/fxsanmarti.com\/2018\/cajas_carton\/wp-content\/uploads\/2017\/09\/applus_iso9001.png\" alt=\"\" width=\"120\" height=\"210\" \/>Nuestro principal objetivo es la m\u00e1xima satisfacci\u00f3n a las necesidades de envases y embalajes de nuestros clientes, y es por ello que Cartonajes Fx Sanmart\u00ed cuenta con un sistema de calidad ISO 99001:2000.<\/p>\n<p>Cajas personalizadas y manipulados de cart\u00f3n impreso en flexografia fabricado en todas las formas y tama\u00f1os.<\/p>\n<p>&nbsp;<\/p>\n","protected":false},"excerpt":{"rendered":"<p>Nuestro principal objetivo es la m\u00e1xima satisfacci\u00f3n a las necesidades de envases y embalajes de nuestros clientes, y es por ello que Cartonajes Fx Sanmart\u00ed cuenta con un sistema de calidad ISO 99001:2000. Cajas personalizadas y manipulados de cart\u00f3n impreso en flexografia fabricado en todas las formas y tama\u00f1os. &nbsp;<\/p>\n","protected":false},"author":1,"featured_media":0,"parent":0,"menu_order":0,"comment_status":"closed","ping_status":"closed","template":"","meta":{"footnotes":""},"class_list":["post-7","page","type-page","status-publish","hentry"],"_links":{"self":[{"href":"https:\/\/fxsanmarti.com\/cajas_carton\/wp-json\/wp\/v2\/pages\/7","targetHints":{"allow":["GET"]}}],"collection":[{"href":"https:\/\/fxsanmarti.com\/cajas_carton\/wp-json\/wp\/v2\/pages"}],"about":[{"href":"https:\/\/fxsanmarti.com\/cajas_carton\/wp-json\/wp\/v2\/types\/page"}],"author":[{"embeddable":true,"href":"https:\/\/fxsanmarti.com\/cajas_carton\/wp-json\/wp\/v2\/users\/1"}],"replies":[{"embeddable":true,"href":"https:\/\/fxsanmarti.com\/cajas_carton\/wp-json\/wp\/v2\/comments?post=7"}],"version-history":[{"count":4,"href":"https:\/\/fxsanmarti.com\/cajas_carton\/wp-json\/wp\/v2\/pages\/7\/revisions"}],"predecessor-version":[{"id":296,"href":"https:\/\/fxsanmarti.com\/cajas_carton\/wp-json\/wp\/v2\/pages\/7\/revisions\/296"}],"wp:attachment":[{"href":"https:\/\/fxsanmarti.com\/cajas_carton\/wp-json\/wp\/v2\/media?parent=7"}],"curies":[{"name":"wp","href":"https:\/\/api.w.org\/{rel}","templated":true}]}}